{"id":407,"date":"2021-02-24T17:14:29","date_gmt":"2021-02-24T16:14:29","guid":{"rendered":"http:\/\/legourmet.cloth.be\/?page_id=407"},"modified":"2021-05-21T11:37:55","modified_gmt":"2021-05-21T09:37:55","slug":"mentions-legales","status":"publish","type":"page","link":"https:\/\/cafelegourmet.be\/fr\/mentions-legales\/","title":{"rendered":"Mentions l\u00e9gales"},"content":{"rendered":"<p>Copyright &#8211; Tous droits r\u00e9serv\u00e9s<\/p>\n<p>Editeur responsable:<br \/>\nDany Soiron<\/p>\n<p><strong>SOIRON PGMBH<\/strong><br \/>\nObere Rottergasse 49a<br \/>\nB-4700 Eupen<\/p>\n<p>Tel.: <a href=\"tel:+3287554017\">+32 (0)87 \/ 55 40 17<\/a><br \/>\nFax.: <a href=\"tel:+3287558036\">+32 (0)87 \/ 55 80 36<\/a><br \/>\nE-Mail: <a href=\"mailto:info@cafelegourmet.be\">info@cafelegourmet.be<\/a><\/p>\n<p>ID-Nr.: BE17 3480 1440 0221<\/p>\n<p>Sur nos pages, vous pouvez trouver des liens vers d&rsquo;autres sites web sur l&rsquo;Internet. Nous n&rsquo;assumons aucune responsabilit\u00e9 quant \u00e0 l&rsquo;exactitude des informations fournies sur ces sites web, ce qui vaut \u00e9galement pour les autres liens qui s&rsquo;y trouvent. Nous ne sommes pas d&rsquo;accord avec les opinions qui y sont exprim\u00e9es dans tous les cas. Cette d\u00e9claration s&rsquo;applique \u00e0 tous les liens indiqu\u00e9s sur notre page d&rsquo;accueil et \u00e0 tous les contenus des pages auxquelles ces liens m\u00e8nent.<\/p>\n<p>Les textes, images, graphiques, sons, animations et vid\u00e9os ainsi que leur disposition sur ce site web sont prot\u00e9g\u00e9s par le droit d&rsquo;auteur et d&rsquo;autres lois de protection. Le contenu de ce site web ne peut \u00eatre copi\u00e9, distribu\u00e9, modifi\u00e9 ou mis \u00e0 la disposition de tiers \u00e0 des fins commerciales.<\/p>\n<p>Ce site web a \u00e9t\u00e9 compil\u00e9 avec le plus grand soin possible. N\u00e9anmoins, l&rsquo;\u00e9diteur responsable et les producteurs ne peuvent garantir l&rsquo;exactitude et la pr\u00e9cision des informations contenues. Ils excluent toute responsabilit\u00e9 pour les dommages d\u00e9coulant directement ou indirectement de l&rsquo;utilisation de ce site web.<\/p>\n<p>La propri\u00e9t\u00e9 intellectuelle contenue dans le site web est prot\u00e9g\u00e9e. En publiant ce site web, les producteurs n&rsquo;accordent aucune licence \u00e0 des tiers pour utiliser cette propri\u00e9t\u00e9.<\/p>\n","protected":false},"excerpt":{"rendered":"Copyright &#8211; Tous droits r\u00e9serv\u00e9s Editeur responsable: Dany Soiron SOIRON PGMBH Obere Rottergasse 49a B-4700 Eupen Tel.: +32 (0)87 \/ 55 40 17 Fax.: +32 (0)87 \/ 55 80 36 E-Mail: info@cafelegourmet.be ID-Nr.: BE17 3480 1440 0221 Sur nos pages, vous pouvez trouver des liens vers d&rsquo;autres sites web sur l&rsquo;Internet. Nous n&rsquo;assumons aucune responsabilit\u00e9 [&hellip;]","protected":false},"author":1,"featured_media":0,"parent":0,"menu_order":0,"comment_status":"closed","ping_status":"closed","template":"impressum.php","meta":{"_acf_changed":false,"footnotes":""},"class_list":["post-407","page","type-page","status-publish","hentry"],"acf":[],"_links":{"self":[{"href":"https:\/\/cafelegourmet.be\/fr\/wp-json\/wp\/v2\/pages\/407","targetHints":{"allow":["GET"]}}],"collection":[{"href":"https:\/\/cafelegourmet.be\/fr\/wp-json\/wp\/v2\/pages"}],"about":[{"href":"https:\/\/cafelegourmet.be\/fr\/wp-json\/wp\/v2\/types\/page"}],"author":[{"embeddable":true,"href":"https:\/\/cafelegourmet.be\/fr\/wp-json\/wp\/v2\/users\/1"}],"replies":[{"embeddable":true,"href":"https:\/\/cafelegourmet.be\/fr\/wp-json\/wp\/v2\/comments?post=407"}],"version-history":[{"count":10,"href":"https:\/\/cafelegourmet.be\/fr\/wp-json\/wp\/v2\/pages\/407\/revisions"}],"predecessor-version":[{"id":915,"href":"https:\/\/cafelegourmet.be\/fr\/wp-json\/wp\/v2\/pages\/407\/revisions\/915"}],"wp:attachment":[{"href":"https:\/\/cafelegourmet.be\/fr\/wp-json\/wp\/v2\/media?parent=407"}],"curies":[{"name":"wp","href":"https:\/\/api.w.org\/{rel}","templated":true}]}}