{"id":353,"date":"2021-02-12T10:52:27","date_gmt":"2021-02-12T09:52:27","guid":{"rendered":"http:\/\/legourmet.cloth.be\/shop\/non%20class\u00e9\/deca\/"},"modified":"2021-03-31T11:53:23","modified_gmt":"2021-03-31T09:53:23","slug":"deca","status":"publish","type":"product","link":"https:\/\/cafelegourmet.be\/fr\/shop\/single-fr\/deca\/","title":{"rendered":"D\u00e9ca"},"content":{"rendered":"","protected":false},"excerpt":{"rendered":"Caract\u00e9ristiques g\u00e9n\u00e9rales\u00a0: bonne qualit\u00e9 de d\u00e9caf\u00e9in\u00e9 avec une agr\u00e9able sucrosit\u00e9 et longueur en bouche. On trouvera des notes gourmandes de noisette, d\u2019amande grill\u00e9 et de sucre de canne. L\u2019activit\u00e9 est peu marqu\u00e9e et le corps est l\u00e9ger. La longueur en bouche est courte et douce. Le caf\u00e9 est d\u00e9caf\u00e9in\u00e9 \u00e0 l\u2019eau par Mountain Water Decaf de fa\u00e7on naturelle, sans proc\u00e9d\u00e9 chimique ni solvant, afin de garantir une agr\u00e9able sucrosit\u00e9 en bouche.","protected":false},"featured_media":494,"template":"","meta":{"_acf_changed":false},"product_brand":[],"product_cat":[89],"product_tag":[],"class_list":{"0":"post-353","1":"product","2":"type-product","3":"status-publish","4":"has-post-thumbnail","6":"product_cat-single-fr","7":"pa_gewicht-1000-g-fr","8":"pa_gewicht-250-g-fr","9":"pa_gewicht-500-g-fr","10":"pa_herkunft-mexique-decaf","11":"pa_inhalt-haricots-entiers","12":"pa_inhalt-haricots-moulus","13":"pa_made-in-ostbelgien-oui","14":"pa_produkte-cafe","15":"pa_staerke-moyen","16":"pa_zusammensetzung-100-arabica-fr","18":"first","19":"instock","20":"taxable","21":"shipping-taxable","22":"purchasable","23":"product-type-variable"},"acf":[],"_links":{"self":[{"href":"https:\/\/cafelegourmet.be\/fr\/wp-json\/wp\/v2\/product\/353","targetHints":{"allow":["GET"]}}],"collection":[{"href":"https:\/\/cafelegourmet.be\/fr\/wp-json\/wp\/v2\/product"}],"about":[{"href":"https:\/\/cafelegourmet.be\/fr\/wp-json\/wp\/v2\/types\/product"}],"wp:featuredmedia":[{"embeddable":true,"href":"https:\/\/cafelegourmet.be\/fr\/wp-json\/wp\/v2\/media\/494"}],"wp:attachment":[{"href":"https:\/\/cafelegourmet.be\/fr\/wp-json\/wp\/v2\/media?parent=353"}],"wp:term":[{"taxonomy":"product_brand","embeddable":true,"href":"https:\/\/cafelegourmet.be\/fr\/wp-json\/wp\/v2\/product_brand?post=353"},{"taxonomy":"product_cat","embeddable":true,"href":"https:\/\/cafelegourmet.be\/fr\/wp-json\/wp\/v2\/product_cat?post=353"},{"taxonomy":"product_tag","embeddable":true,"href":"https:\/\/cafelegourmet.be\/fr\/wp-json\/wp\/v2\/product_tag?post=353"}],"curies":[{"name":"wp","href":"https:\/\/api.w.org\/{rel}","templated":true}]}}