{"id":360,"date":"2021-02-12T10:49:28","date_gmt":"2021-02-12T09:49:28","guid":{"rendered":"http:\/\/legourmet.cloth.be\/shop\/non%20class\u00e9\/biofair\/"},"modified":"2024-12-05T16:40:59","modified_gmt":"2024-12-05T15:40:59","slug":"biofair","status":"publish","type":"product","link":"https:\/\/cafelegourmet.be\/fr\/shop\/melanges\/biofair\/","title":{"rendered":"Biofair"},"content":{"rendered":"","protected":false},"excerpt":{"rendered":"Caract\u00e9ristique g\u00e9n\u00e9rales\u00a0:Des notes de citrus, de chocolat, de noisettes, de caramel et de sucre brun.","protected":false},"featured_media":492,"template":"","meta":{"_acf_changed":false},"product_brand":[],"product_cat":[90],"product_tag":[],"class_list":{"0":"post-360","1":"product","2":"type-product","3":"status-publish","4":"has-post-thumbnail","6":"product_cat-melanges","7":"pa_gewicht-1000-g-fr","8":"pa_gewicht-250-g-fr","9":"pa_gewicht-500-g-fr","10":"pa_herkunft-guatemala-fr","11":"pa_herkunft-mexique","12":"pa_inhalt-haricots-entiers","13":"pa_inhalt-haricots-moulus","14":"pa_made-in-ostbelgien-oui","15":"pa_produkte-cafe","16":"pa_staerke-moyen","17":"pa_zusammensetzung-100-arabica-fr","19":"first","20":"instock","21":"taxable","22":"shipping-taxable","23":"purchasable","24":"product-type-variable"},"acf":[],"_links":{"self":[{"href":"https:\/\/cafelegourmet.be\/fr\/wp-json\/wp\/v2\/product\/360","targetHints":{"allow":["GET"]}}],"collection":[{"href":"https:\/\/cafelegourmet.be\/fr\/wp-json\/wp\/v2\/product"}],"about":[{"href":"https:\/\/cafelegourmet.be\/fr\/wp-json\/wp\/v2\/types\/product"}],"wp:featuredmedia":[{"embeddable":true,"href":"https:\/\/cafelegourmet.be\/fr\/wp-json\/wp\/v2\/media\/492"}],"wp:attachment":[{"href":"https:\/\/cafelegourmet.be\/fr\/wp-json\/wp\/v2\/media?parent=360"}],"wp:term":[{"taxonomy":"product_brand","embeddable":true,"href":"https:\/\/cafelegourmet.be\/fr\/wp-json\/wp\/v2\/product_brand?post=360"},{"taxonomy":"product_cat","embeddable":true,"href":"https:\/\/cafelegourmet.be\/fr\/wp-json\/wp\/v2\/product_cat?post=360"},{"taxonomy":"product_tag","embeddable":true,"href":"https:\/\/cafelegourmet.be\/fr\/wp-json\/wp\/v2\/product_tag?post=360"}],"curies":[{"name":"wp","href":"https:\/\/api.w.org\/{rel}","templated":true}]}}