{"id":367,"date":"2021-02-12T10:46:09","date_gmt":"2021-02-12T09:46:09","guid":{"rendered":"http:\/\/legourmet.cloth.be\/shop\/non%20class\u00e9\/geant\/"},"modified":"2021-03-31T12:14:30","modified_gmt":"2021-03-31T10:14:30","slug":"geant_fr","status":"publish","type":"product","link":"https:\/\/cafelegourmet.be\/fr\/shop\/melanges\/geant_fr\/","title":{"rendered":"G\u00e9ant"},"content":{"rendered":"","protected":false},"excerpt":{"rendered":"Le g\u00e9ant est un m\u00e9lange \u00e9quilibr\u00e9 de 3 arabicas (Br\u00e9sil, Guatemala et l\u2019Ethiopie). Un caf\u00e9 naturellement doux qui donne un corps agr\u00e9able en tasse.","protected":false},"featured_media":500,"template":"","meta":{"_acf_changed":false},"product_brand":[],"product_cat":[90],"product_tag":[],"class_list":{"0":"post-367","1":"product","2":"type-product","3":"status-publish","4":"has-post-thumbnail","6":"product_cat-melanges","7":"pa_gewicht-1000-g-fr","8":"pa_gewicht-250-g-fr","9":"pa_gewicht-500-g-fr","10":"pa_herkunft-bresil","11":"pa_herkunft-ethiopie","12":"pa_herkunft-guatemala-fr","13":"pa_inhalt-haricots-entiers","14":"pa_inhalt-haricots-moulus","15":"pa_made-in-ostbelgien-oui","16":"pa_produkte-cafe","17":"pa_staerke-moyen","18":"pa_zusammensetzung-100-arabica-fr","20":"first","21":"instock","22":"taxable","23":"shipping-taxable","24":"product-type-variable"},"acf":[],"_links":{"self":[{"href":"https:\/\/cafelegourmet.be\/fr\/wp-json\/wp\/v2\/product\/367","targetHints":{"allow":["GET"]}}],"collection":[{"href":"https:\/\/cafelegourmet.be\/fr\/wp-json\/wp\/v2\/product"}],"about":[{"href":"https:\/\/cafelegourmet.be\/fr\/wp-json\/wp\/v2\/types\/product"}],"wp:featuredmedia":[{"embeddable":true,"href":"https:\/\/cafelegourmet.be\/fr\/wp-json\/wp\/v2\/media\/500"}],"wp:attachment":[{"href":"https:\/\/cafelegourmet.be\/fr\/wp-json\/wp\/v2\/media?parent=367"}],"wp:term":[{"taxonomy":"product_brand","embeddable":true,"href":"https:\/\/cafelegourmet.be\/fr\/wp-json\/wp\/v2\/product_brand?post=367"},{"taxonomy":"product_cat","embeddable":true,"href":"https:\/\/cafelegourmet.be\/fr\/wp-json\/wp\/v2\/product_cat?post=367"},{"taxonomy":"product_tag","embeddable":true,"href":"https:\/\/cafelegourmet.be\/fr\/wp-json\/wp\/v2\/product_tag?post=367"}],"curies":[{"name":"wp","href":"https:\/\/api.w.org\/{rel}","templated":true}]}}