{"id":374,"date":"2021-02-11T17:31:25","date_gmt":"2021-02-11T16:31:25","guid":{"rendered":"http:\/\/legourmet.cloth.be\/shop\/non%20class\u00e9\/espresso\/"},"modified":"2021-03-31T12:08:46","modified_gmt":"2021-03-31T10:08:46","slug":"espresso","status":"publish","type":"product","link":"https:\/\/cafelegourmet.be\/fr\/shop\/melanges\/espresso\/","title":{"rendered":"Espresso"},"content":{"rendered":"","protected":false},"excerpt":{"rendered":"L\u2019espresso est un m\u00e9lange \u00e9quilibr\u00e9 de 3 vari\u00e9t\u00e9s d\u2019arabicas (Br\u00e9sil, Guatemala et Costa Rica).\r\n\r\n&nbsp;\r\n\r\nCaract\u00e9ristique g\u00e9n\u00e9rales\u00a0: Un m\u00e9lange doux avec du corps plein et un ar\u00f4me l\u00e9g\u00e8rement sucr\u00e9.","protected":false},"featured_media":498,"template":"","meta":{"_acf_changed":false},"product_brand":[],"product_cat":[90],"product_tag":[],"class_list":{"0":"post-374","1":"product","2":"type-product","3":"status-publish","4":"has-post-thumbnail","6":"product_cat-melanges","7":"pa_gewicht-1000-g-fr","8":"pa_gewicht-250-g-fr","9":"pa_gewicht-500-g-fr","10":"pa_herkunft-bresil","11":"pa_herkunft-costa-rica-fr","12":"pa_herkunft-guatemala-fr","13":"pa_inhalt-haricots-entiers","14":"pa_inhalt-haricots-moulus","15":"pa_made-in-ostbelgien-oui","16":"pa_produkte-cafe","17":"pa_staerke-moyen","18":"pa_zusammensetzung-100-arabica-fr","20":"first","21":"instock","22":"taxable","23":"shipping-taxable","24":"purchasable","25":"product-type-variable"},"acf":[],"_links":{"self":[{"href":"https:\/\/cafelegourmet.be\/fr\/wp-json\/wp\/v2\/product\/374","targetHints":{"allow":["GET"]}}],"collection":[{"href":"https:\/\/cafelegourmet.be\/fr\/wp-json\/wp\/v2\/product"}],"about":[{"href":"https:\/\/cafelegourmet.be\/fr\/wp-json\/wp\/v2\/types\/product"}],"wp:featuredmedia":[{"embeddable":true,"href":"https:\/\/cafelegourmet.be\/fr\/wp-json\/wp\/v2\/media\/498"}],"wp:attachment":[{"href":"https:\/\/cafelegourmet.be\/fr\/wp-json\/wp\/v2\/media?parent=374"}],"wp:term":[{"taxonomy":"product_brand","embeddable":true,"href":"https:\/\/cafelegourmet.be\/fr\/wp-json\/wp\/v2\/product_brand?post=374"},{"taxonomy":"product_cat","embeddable":true,"href":"https:\/\/cafelegourmet.be\/fr\/wp-json\/wp\/v2\/product_cat?post=374"},{"taxonomy":"product_tag","embeddable":true,"href":"https:\/\/cafelegourmet.be\/fr\/wp-json\/wp\/v2\/product_tag?post=374"}],"curies":[{"name":"wp","href":"https:\/\/api.w.org\/{rel}","templated":true}]}}