{"id":381,"date":"2021-02-11T17:30:04","date_gmt":"2021-02-11T16:30:04","guid":{"rendered":"http:\/\/legourmet.cloth.be\/shop\/non%20class\u00e9\/dessert\/"},"modified":"2021-04-12T15:07:10","modified_gmt":"2021-04-12T13:07:10","slug":"dessert","status":"publish","type":"product","link":"https:\/\/cafelegourmet.be\/fr\/shop\/melanges\/dessert\/","title":{"rendered":"Dessert"},"content":{"rendered":"","protected":false},"excerpt":{"rendered":"Le dessert est un m\u00e9lange \u00e9quilibr\u00e9 de 2 arabicas et d\u2019un Robusta (Br\u00e9sil, Congo et Indonesie).\r\n&nbsp;\r\nL\u2019indonesie procure des robustas \u00e9pic\u00e9s et forts, tout en offrant une sensation cr\u00e9meux en bouche et une acidit\u00e9 bien balanc\u00e9e.\r\n&nbsp;\r\nCaract\u00e9ristique g\u00e9n\u00e9rales\u00a0: des notes bois\u00e9e et cacaot\u00e9es.","protected":false},"featured_media":496,"template":"","meta":{"_acf_changed":false},"product_brand":[],"product_cat":[90],"product_tag":[],"class_list":{"0":"post-381","1":"product","2":"type-product","3":"status-publish","4":"has-post-thumbnail","6":"product_cat-melanges","7":"pa_gewicht-1000-g-fr","8":"pa_gewicht-250-g-fr","9":"pa_gewicht-500-g-fr","10":"pa_herkunft-bresil","11":"pa_herkunft-indonesie","12":"pa_inhalt-haricots-entiers","13":"pa_inhalt-haricots-moulus","14":"pa_made-in-ostbelgien-oui","15":"pa_produkte-cafe","16":"pa_staerke-moyen","17":"pa_zusammensetzung-20-robusta-fr","18":"pa_zusammensetzung-80-arabica-fr","20":"first","21":"instock","22":"taxable","23":"shipping-taxable","24":"purchasable","25":"product-type-variable"},"acf":[],"_links":{"self":[{"href":"https:\/\/cafelegourmet.be\/fr\/wp-json\/wp\/v2\/product\/381","targetHints":{"allow":["GET"]}}],"collection":[{"href":"https:\/\/cafelegourmet.be\/fr\/wp-json\/wp\/v2\/product"}],"about":[{"href":"https:\/\/cafelegourmet.be\/fr\/wp-json\/wp\/v2\/types\/product"}],"wp:featuredmedia":[{"embeddable":true,"href":"https:\/\/cafelegourmet.be\/fr\/wp-json\/wp\/v2\/media\/496"}],"wp:attachment":[{"href":"https:\/\/cafelegourmet.be\/fr\/wp-json\/wp\/v2\/media?parent=381"}],"wp:term":[{"taxonomy":"product_brand","embeddable":true,"href":"https:\/\/cafelegourmet.be\/fr\/wp-json\/wp\/v2\/product_brand?post=381"},{"taxonomy":"product_cat","embeddable":true,"href":"https:\/\/cafelegourmet.be\/fr\/wp-json\/wp\/v2\/product_cat?post=381"},{"taxonomy":"product_tag","embeddable":true,"href":"https:\/\/cafelegourmet.be\/fr\/wp-json\/wp\/v2\/product_tag?post=381"}],"curies":[{"name":"wp","href":"https:\/\/api.w.org\/{rel}","templated":true}]}}