{"id":388,"date":"2021-02-11T17:28:13","date_gmt":"2021-02-11T16:28:13","guid":{"rendered":"http:\/\/legourmet.cloth.be\/shop\/non%20class\u00e9\/moka\/"},"modified":"2024-12-05T16:45:13","modified_gmt":"2024-12-05T15:45:13","slug":"moka","status":"publish","type":"product","link":"https:\/\/cafelegourmet.be\/fr\/shop\/melanges\/moka\/","title":{"rendered":"Moka"},"content":{"rendered":"","protected":false},"excerpt":{"rendered":"Le Moka est un m\u00e9lange \u00e9quilibr\u00e9 de 3 arabicas (Br\u00e9sil, Ethiopia et Tanzanie).\r\n\r\n&nbsp;\r\n\r\nCaract\u00e9ristique g\u00e9n\u00e9rales\u00a0: Ce m\u00e9lange a un ar\u00f4me puissant et un corps prononc\u00e9.","protected":false},"featured_media":502,"template":"","meta":{"_acf_changed":false},"product_brand":[],"product_cat":[90],"product_tag":[],"class_list":{"0":"post-388","1":"product","2":"type-product","3":"status-publish","4":"has-post-thumbnail","6":"product_cat-melanges","7":"pa_gewicht-1000-g-fr","8":"pa_gewicht-250-g-fr","9":"pa_gewicht-500-g-fr","10":"pa_herkunft-bresil","11":"pa_herkunft-ethiopie","12":"pa_inhalt-haricots-entiers","13":"pa_inhalt-haricots-moulus","14":"pa_made-in-ostbelgien-oui","15":"pa_produkte-cafe","16":"pa_staerke-moyen","17":"pa_zusammensetzung-100-arabica-fr","19":"first","20":"instock","21":"taxable","22":"shipping-taxable","23":"purchasable","24":"product-type-variable"},"acf":[],"_links":{"self":[{"href":"https:\/\/cafelegourmet.be\/fr\/wp-json\/wp\/v2\/product\/388","targetHints":{"allow":["GET"]}}],"collection":[{"href":"https:\/\/cafelegourmet.be\/fr\/wp-json\/wp\/v2\/product"}],"about":[{"href":"https:\/\/cafelegourmet.be\/fr\/wp-json\/wp\/v2\/types\/product"}],"wp:featuredmedia":[{"embeddable":true,"href":"https:\/\/cafelegourmet.be\/fr\/wp-json\/wp\/v2\/media\/502"}],"wp:attachment":[{"href":"https:\/\/cafelegourmet.be\/fr\/wp-json\/wp\/v2\/media?parent=388"}],"wp:term":[{"taxonomy":"product_brand","embeddable":true,"href":"https:\/\/cafelegourmet.be\/fr\/wp-json\/wp\/v2\/product_brand?post=388"},{"taxonomy":"product_cat","embeddable":true,"href":"https:\/\/cafelegourmet.be\/fr\/wp-json\/wp\/v2\/product_cat?post=388"},{"taxonomy":"product_tag","embeddable":true,"href":"https:\/\/cafelegourmet.be\/fr\/wp-json\/wp\/v2\/product_tag?post=388"}],"curies":[{"name":"wp","href":"https:\/\/api.w.org\/{rel}","templated":true}]}}