{"id":766,"date":"2021-03-31T15:54:52","date_gmt":"2021-03-31T13:54:52","guid":{"rendered":"http:\/\/legourmet.cloth.be\/shop\/non%20class\u00e9\/the-vert-fruits-rouges\/"},"modified":"2024-12-06T10:22:27","modified_gmt":"2024-12-06T09:22:27","slug":"the-vert-fruits-rouges","status":"publish","type":"product","link":"https:\/\/cafelegourmet.be\/fr\/shop\/non-classe\/the-vert-fruits-rouges\/","title":{"rendered":"Th\u00e9 vert FRUITS ROUGES"},"content":{"rendered":"","protected":false},"excerpt":{"rendered":"Th\u00e9 vert aromatis\u00e9\r\n\r\nNote dominante\u00a0: fruits rouges\r\n\r\nIngr\u00e9dients: th\u00e9 vert, morceaux de fraise et groseilles, ar\u00f4mes (vanille, caramel, framboise, groseille, fraise des bois, cerise","protected":false},"featured_media":760,"template":"","meta":{"_acf_changed":false},"product_brand":[],"product_cat":[61],"product_tag":[],"class_list":{"0":"post-766","1":"product","2":"type-product","3":"status-publish","4":"has-post-thumbnail","6":"product_cat-non-classe","7":"pa_gewicht-100-g","8":"pa_produkte-the","10":"first","11":"instock","12":"taxable","13":"shipping-taxable","14":"purchasable","15":"product-type-simple"},"acf":[],"_links":{"self":[{"href":"https:\/\/cafelegourmet.be\/fr\/wp-json\/wp\/v2\/product\/766","targetHints":{"allow":["GET"]}}],"collection":[{"href":"https:\/\/cafelegourmet.be\/fr\/wp-json\/wp\/v2\/product"}],"about":[{"href":"https:\/\/cafelegourmet.be\/fr\/wp-json\/wp\/v2\/types\/product"}],"wp:featuredmedia":[{"embeddable":true,"href":"https:\/\/cafelegourmet.be\/fr\/wp-json\/wp\/v2\/media\/760"}],"wp:attachment":[{"href":"https:\/\/cafelegourmet.be\/fr\/wp-json\/wp\/v2\/media?parent=766"}],"wp:term":[{"taxonomy":"product_brand","embeddable":true,"href":"https:\/\/cafelegourmet.be\/fr\/wp-json\/wp\/v2\/product_brand?post=766"},{"taxonomy":"product_cat","embeddable":true,"href":"https:\/\/cafelegourmet.be\/fr\/wp-json\/wp\/v2\/product_cat?post=766"},{"taxonomy":"product_tag","embeddable":true,"href":"https:\/\/cafelegourmet.be\/fr\/wp-json\/wp\/v2\/product_tag?post=766"}],"curies":[{"name":"wp","href":"https:\/\/api.w.org\/{rel}","templated":true}]}}