{"id":785,"date":"2021-03-31T16:26:31","date_gmt":"2021-03-31T14:26:31","guid":{"rendered":"http:\/\/legourmet.cloth.be\/shop\/non%20class\u00e9\/the-royal-breakfast\/"},"modified":"2024-12-06T10:17:51","modified_gmt":"2024-12-06T09:17:51","slug":"the-royal-breakfast","status":"publish","type":"product","link":"https:\/\/cafelegourmet.be\/fr\/shop\/non-classe\/the-royal-breakfast\/","title":{"rendered":"Th\u00e9 Royal breakfast"},"content":{"rendered":"","protected":false},"excerpt":{"rendered":"Th\u00e9 noir \r\nNote dominante: animale, bois\u00e9e\r\nIngr\u00e9dients: M\u00e9lange \u00e0 petites feuilles de deux grandes r\u00e9gions du th\u00e9 (Assam, Yunnan)\r\n","protected":false},"featured_media":809,"template":"","meta":{"_acf_changed":false},"product_brand":[],"product_cat":[61],"product_tag":[],"class_list":{"0":"post-785","1":"product","2":"type-product","3":"status-publish","4":"has-post-thumbnail","6":"product_cat-non-classe","7":"pa_produkte-the","9":"first","10":"instock","11":"taxable","12":"shipping-taxable","13":"purchasable","14":"product-type-simple"},"acf":[],"_links":{"self":[{"href":"https:\/\/cafelegourmet.be\/fr\/wp-json\/wp\/v2\/product\/785","targetHints":{"allow":["GET"]}}],"collection":[{"href":"https:\/\/cafelegourmet.be\/fr\/wp-json\/wp\/v2\/product"}],"about":[{"href":"https:\/\/cafelegourmet.be\/fr\/wp-json\/wp\/v2\/types\/product"}],"wp:featuredmedia":[{"embeddable":true,"href":"https:\/\/cafelegourmet.be\/fr\/wp-json\/wp\/v2\/media\/809"}],"wp:attachment":[{"href":"https:\/\/cafelegourmet.be\/fr\/wp-json\/wp\/v2\/media?parent=785"}],"wp:term":[{"taxonomy":"product_brand","embeddable":true,"href":"https:\/\/cafelegourmet.be\/fr\/wp-json\/wp\/v2\/product_brand?post=785"},{"taxonomy":"product_cat","embeddable":true,"href":"https:\/\/cafelegourmet.be\/fr\/wp-json\/wp\/v2\/product_cat?post=785"},{"taxonomy":"product_tag","embeddable":true,"href":"https:\/\/cafelegourmet.be\/fr\/wp-json\/wp\/v2\/product_tag?post=785"}],"curies":[{"name":"wp","href":"https:\/\/api.w.org\/{rel}","templated":true}]}}