{"id":787,"date":"2021-03-31T16:29:44","date_gmt":"2021-03-31T14:29:44","guid":{"rendered":"http:\/\/legourmet.cloth.be\/shop\/non%20class\u00e9\/rooibos-oriental\/"},"modified":"2024-12-06T10:18:22","modified_gmt":"2024-12-06T09:18:22","slug":"rooibos-oriental","status":"publish","type":"product","link":"https:\/\/cafelegourmet.be\/fr\/shop\/non-classe\/rooibos-oriental\/","title":{"rendered":"Rooibos Oriental"},"content":{"rendered":"","protected":false},"excerpt":{"rendered":"Rooibos ar\u00f4matis\u00e9\r\nNote dominante: fruits exotiques\r\nIngr\u00e9dients: rooibos, \u00e9corces de bergamote, ar\u00f4mes (fruit de la passion, p\u00eache de vigne et fraise des bois), p\u00e9tales de fleur\r\n","protected":false},"featured_media":807,"template":"","meta":{"_acf_changed":false},"product_brand":[],"product_cat":[61],"product_tag":[],"class_list":{"0":"post-787","1":"product","2":"type-product","3":"status-publish","4":"has-post-thumbnail","6":"product_cat-non-classe","7":"pa_gewicht-100-g","8":"pa_produkte-the","10":"first","11":"instock","12":"taxable","13":"shipping-taxable","14":"purchasable","15":"product-type-simple"},"acf":[],"_links":{"self":[{"href":"https:\/\/cafelegourmet.be\/fr\/wp-json\/wp\/v2\/product\/787","targetHints":{"allow":["GET"]}}],"collection":[{"href":"https:\/\/cafelegourmet.be\/fr\/wp-json\/wp\/v2\/product"}],"about":[{"href":"https:\/\/cafelegourmet.be\/fr\/wp-json\/wp\/v2\/types\/product"}],"wp:featuredmedia":[{"embeddable":true,"href":"https:\/\/cafelegourmet.be\/fr\/wp-json\/wp\/v2\/media\/807"}],"wp:attachment":[{"href":"https:\/\/cafelegourmet.be\/fr\/wp-json\/wp\/v2\/media?parent=787"}],"wp:term":[{"taxonomy":"product_brand","embeddable":true,"href":"https:\/\/cafelegourmet.be\/fr\/wp-json\/wp\/v2\/product_brand?post=787"},{"taxonomy":"product_cat","embeddable":true,"href":"https:\/\/cafelegourmet.be\/fr\/wp-json\/wp\/v2\/product_cat?post=787"},{"taxonomy":"product_tag","embeddable":true,"href":"https:\/\/cafelegourmet.be\/fr\/wp-json\/wp\/v2\/product_tag?post=787"}],"curies":[{"name":"wp","href":"https:\/\/api.w.org\/{rel}","templated":true}]}}